{"id":5,"date":"2022-03-02T11:52:20","date_gmt":"2022-03-02T10:52:20","guid":{"rendered":"http:\/\/gyllander.dk\/?page_id=5"},"modified":"2022-03-09T17:53:13","modified_gmt":"2022-03-09T16:53:13","slug":"skapa-din-egen-webbplats-med-block","status":"publish","type":"page","link":"http:\/\/gyllander.dk\/","title":{"rendered":"XX"},"content":{"rendered":"\n<h2 class=\"alignwide has-text-align-center has-text-align-wide has-gigantic-font-size wp-block-heading\" style=\"line-height:1.1\">V\u00c4LKOMMEN<\/h2>\n\n\n\n<div style=\"height:100px\" aria-hidden=\"true\" class=\"wp-block-spacer\"><\/div>\n\n\n\n<div class=\"wp-block-columns alignwide are-vertically-aligned-center is-style-twentytwentyone-columns-overlap is-layout-flex wp-container-core-columns-is-layout-9d6595d7 wp-block-columns-is-layout-flex\">\n<div class=\"wp-block-column is-vertically-aligned-center is-layout-flow wp-block-column-is-layout-flow\">\n<div style=\"height:100px\" aria-hidden=\"true\" class=\"wp-block-spacer\"><\/div>\n<\/div>\n\n\n\n<div class=\"wp-block-column is-vertically-aligned-center is-layout-flow wp-block-column-is-layout-flow\">\n<div style=\"height:100px\" aria-hidden=\"true\" class=\"wp-block-spacer\"><\/div>\n<\/div>\n<\/div>\n\n\n\n<div style=\"height:50px\" aria-hidden=\"true\" class=\"wp-block-spacer\"><\/div>\n\n\n\n<div class=\"wp-block-columns alignwide are-vertically-aligned-top is-layout-flex wp-container-core-columns-is-layout-9d6595d7 wp-block-columns-is-layout-flex\">\n<div class=\"wp-block-column is-vertically-aligned-top is-layout-flow wp-block-column-is-layout-flow\">\n<h3 class=\"wp-block-heading\">L\u00e4gg till blockm\u00f6nster<\/h3>\n\n\n\n<p>Blockm\u00f6nster \u00e4r f\u00f6rdesignade grupper av block. Du l\u00e4gger till ett m\u00f6nster genom att trycka p\u00e5 knappen L\u00e4gg till block [+] i verktygsf\u00e4ltet i \u00f6vre delen av redigeraren. Byt till fliken M\u00f6nster under s\u00f6kf\u00e4ltet och v\u00e4lj ett m\u00f6nster.<\/p>\n<\/div>\n\n\n\n<div class=\"wp-block-column is-vertically-aligned-top is-layout-flow wp-block-column-is-layout-flow\"><\/div>\n\n\n\n<div class=\"wp-block-column is-vertically-aligned-top is-layout-flow wp-block-column-is-layout-flow\"><\/div>\n<\/div>\n\n\n\n<div style=\"height:100px\" aria-hidden=\"true\" class=\"wp-block-spacer\"><\/div>\n","protected":false},"excerpt":{"rendered":"<p>V\u00c4LKOMMEN L\u00e4gg till blockm\u00f6nster Blockm\u00f6nster \u00e4r f\u00f6rdesignade grupper av block. Du l\u00e4gger till ett m\u00f6nster genom att trycka p\u00e5 knappen L\u00e4gg till block [+] i verktygsf\u00e4ltet i \u00f6vre delen av redigeraren. Byt till fliken M\u00f6nster under s\u00f6kf\u00e4ltet och v\u00e4lj ett m\u00f6nster.<\/p>\n","protected":false},"author":1,"featured_media":0,"parent":0,"menu_order":0,"comment_status":"closed","ping_status":"closed","template":"","meta":{"footnotes":""},"class_list":["post-5","page","type-page","status-publish","hentry","entry"],"_links":{"self":[{"href":"http:\/\/gyllander.dk\/index.php\/wp-json\/wp\/v2\/pages\/5","targetHints":{"allow":["GET"]}}],"collection":[{"href":"http:\/\/gyllander.dk\/index.php\/wp-json\/wp\/v2\/pages"}],"about":[{"href":"http:\/\/gyllander.dk\/index.php\/wp-json\/wp\/v2\/types\/page"}],"author":[{"embeddable":true,"href":"http:\/\/gyllander.dk\/index.php\/wp-json\/wp\/v2\/users\/1"}],"replies":[{"embeddable":true,"href":"http:\/\/gyllander.dk\/index.php\/wp-json\/wp\/v2\/comments?post=5"}],"version-history":[{"count":6,"href":"http:\/\/gyllander.dk\/index.php\/wp-json\/wp\/v2\/pages\/5\/revisions"}],"predecessor-version":[{"id":43,"href":"http:\/\/gyllander.dk\/index.php\/wp-json\/wp\/v2\/pages\/5\/revisions\/43"}],"wp:attachment":[{"href":"http:\/\/gyllander.dk\/index.php\/wp-json\/wp\/v2\/media?parent=5"}],"curies":[{"name":"wp","href":"https:\/\/api.w.org\/{rel}","templated":true}]}}